{"id":3,"date":"2023-01-25T12:32:10","date_gmt":"2023-01-25T12:32:10","guid":{"rendered":"http:\/\/dcpaint.es\/?page_id=3"},"modified":"2024-07-20T09:10:56","modified_gmt":"2024-07-20T09:10:56","slug":"politica-de-privacidad","status":"publish","type":"page","link":"https:\/\/dcpaint.es\/index.php\/politica-de-privacidad\/","title":{"rendered":"Pol\u00edtica de privacidad"},"content":{"rendered":"<p>[et_pb_section fb_built=\u00bb1&#8243; _builder_version=\u00bb4.16&#8243; global_colors_info=\u00bb{}\u00bb][et_pb_row _builder_version=\u00bb4.16&#8243; background_size=\u00bbinitial\u00bb background_position=\u00bbtop_left\u00bb background_repeat=\u00bbrepeat\u00bb global_colors_info=\u00bb{}\u00bb][et_pb_column type=\u00bb4_4&#8243; _builder_version=\u00bb4.16&#8243; custom_padding=\u00bb|||\u00bb global_colors_info=\u00bb{}\u00bb custom_padding__hover=\u00bb|||\u00bb][et_pb_text _builder_version=\u00bb4.27.0&#8243; background_size=\u00bbinitial\u00bb background_position=\u00bbtop_left\u00bb background_repeat=\u00bbrepeat\u00bb hover_enabled=\u00bb0&#8243; global_colors_info=\u00bb{}\u00bb text_font_size=\u00bb18px\u00bb sticky_enabled=\u00bb0&#8243; header_3_font_size=\u00bb25px\u00bb header_3_font=\u00bb||||||||\u00bb]<\/p>\n<p>&nbsp;<\/p>\n<h3><strong>POL\u00cdTICA DE PRIVACIDAD<\/strong><\/h3>\n<p><strong><\/strong><\/p>\n<p><strong>FERNANDO JAVIER PALACIOS BERNAB\u00c9<\/strong>, se compromete a proteger su privacidad. Esta Pol\u00edtica de Privacidad explica c\u00f3mo recopilamos y utilizamos sus datos personales y qu\u00e9 derechos y opciones tiene al respecto. Consulte tambi\u00e9n nuestra Pol\u00edtica de cookies que explica el uso de cookies y otros dispositivos de seguimiento de la web a trav\u00e9s de nuestro sitio web.<\/p>\n<p>&nbsp;<\/p>\n<p><strong>\u00bfQui\u00e9n es el responsable del tratamiento de sus datos personales?<\/strong><\/p>\n<p>&nbsp;<\/p>\n<p><strong>FERNANDO JAVIER PALACIOS BERNAB\u00c9<\/strong> con N.I.F. <strong>47076672L<\/strong>, domicilio social en Avda. Polonia, 160 \u2013 3 03130 Elx\/Elche (Alicante) con n\u00famero de tel\u00e9fono 677 123 948 y e-mail: <strong>info@dcpaint.es<\/strong> es el <strong><u>responsable del tratamiento<\/u><\/strong> de sus datos de car\u00e1cter personal. Por tanto, nosotros le garantizamos su seguridad y tratamiento confidencial, de conformidad con lo dispuesto en el <strong>REGLAMENTO EUROPEO DE PROTECCION DE DATOS (UE) 679\/2016<\/strong>, as\u00ed como cualquier otra normativa que resulte de aplicaci\u00f3n.<\/p>\n<p>&nbsp;<\/p>\n<p><strong>\u00bfCon que fines utilizamos sus datos personales?<\/strong><\/p>\n<p>&nbsp;<\/p>\n<p>En <strong>FERNANDO JAVIER PALACIOS BERNAB\u00c9<\/strong> utilizamos sus datos en la medida en que sea permitido por el RGPD, as\u00ed como por la normativa vigente que sea de aplicaci\u00f3n. En todo caso el tratamiento se har\u00e1 para fines determinados, expl\u00edcitos y leg\u00edtimos, y en ning\u00fan caso ser\u00e1n tratados de manera incompatible para dichos fines. En concreto se llevar\u00e1n a cabo los siguientes tratamientos:<\/p>\n<p>&nbsp;<\/p>\n<ul>\n<li>Contestar a sus consultas, solicitudes o peticiones.<\/li>\n<li>Gestionar la relaci\u00f3n contractual y la prestaci\u00f3n de los servicios de consulta solicitados por el cliente.<\/li>\n<li>Gestionar sus llamadas telef\u00f3nicas.<\/li>\n<li>Emitir justificantes de cobro por los servicios prestados en favor del cliente.<\/li>\n<li>Para el correcto desempe\u00f1o del servicio solicitado, se tratar\u00e1n los datos personales del cliente necesarios para un seguimiento de la evoluci\u00f3n de este durante la prestaci\u00f3n del servicio.<\/li>\n<li>Realizar todos aquellos tr\u00e1mites administrativos, fiscales y contables necesarios para cumplir con nuestros compromisos contractuales y obligaciones fiscales y contables.<\/li>\n<li>Cumplimiento de nuestras obligaciones legales.<\/li>\n<li>Analizar y mejorar nuestros servicios y comunicaciones con usted.<\/li>\n<li>Supervisar y evaluar el cumplimiento de nuestras pol\u00edticas y normas.<\/li>\n<li>Gestionar env\u00edo de informaci\u00f3n y prospecci\u00f3n comercial por cualquier v\u00eda en caso de consentimiento expl\u00edcito.<\/li>\n<\/ul>\n<p>&nbsp;<\/p>\n<p><strong>\u00bfCu\u00e1l es la legitimaci\u00f3n para el tratamiento de sus datos?<\/strong><\/p>\n<p>&nbsp;<\/p>\n<p>La legitimaci\u00f3n de los tratamientos de los datos personales que llevamos a cabo se hace en todo momento en cumplimiento con lo dispuesto en el art\u00edculo 6 del RGPD, as\u00ed como en el art\u00edculo 8 de la Ley Org\u00e1nica 3\/2018. En los casos en que la legitimaci\u00f3n para la finalidad principal del uso de datos no se encuentre en ninguna de las bases jur\u00eddicas anteriores, se solicitar\u00e1 el <u>consentimiento<\/u> del interesado para el tratamiento. En los casos en que la legitimaci\u00f3n para la finalidad principal del uso de datos no se encuentre en ninguna de las bases jur\u00eddicas anteriores, se solicitar\u00e1 el <u>consentimiento<\/u> del interesado para el tratamiento.<\/p>\n<p>&nbsp;<\/p>\n<p><strong>\u00bfCu\u00e1nto tiempo conservamos tus datos?<\/strong><\/p>\n<p>&nbsp;<\/p>\n<p>Le informamos que los datos proporcionados, ser\u00e1n comunicados a los diferentes proveedores de productos y servicios, que sean necesarios para la ejecuci\u00f3n del tratamiento solicitado. Nuestros proveedores est\u00e1n obligados a utilizar los datos proporcionados \u00fanica y exclusivamente para el cumplimiento del servicio solicitado.<\/p>\n<p>&nbsp;<\/p>\n<p>Los datos personales tratados por <strong>FERNANDO JAVIER PALACIOS BERNAB\u00c9<\/strong> para alcanzar las finalidades detalladas anteriormente podr\u00e1n ser comunicados a los siguientes destinatarios en funci\u00f3n de la base legitimadora de la comunicaci\u00f3n:<\/p>\n<p>&nbsp;<\/p>\n<ul>\n<li>Las Administraciones P\u00fablicas en los casos previstos por la Ley.<\/li>\n<li>Las Fuerzas y Cuerpos de Seguridad del Estado.<\/li>\n<li>Los bancos y entidades financieras para el cobro de los servicios contratados.<\/li>\n<li>Los registros p\u00fablicos de solvencia patrimonial y a los sistemas de prevenci\u00f3n contra el fraude.<\/li>\n<\/ul>\n<p>&nbsp;<\/p>\n<p><strong>\u00bfCu\u00e1les son sus derechos?<\/strong><\/p>\n<p>&nbsp;<\/p>\n<p><strong>Derechos:<\/strong><\/p>\n<p>&nbsp;<\/p>\n<p>En particular, independientemente de la finalidad o la base legal en virtud de la que tratemos sus datos, tiene derecho a:<\/p>\n<p>&nbsp;<\/p>\n<ul>\n<li><u>Derecho de acceso<\/u>: cualquier persona tiene derecho a obtener confirmaci\u00f3n sobre si <strong>FERNANDO JAVIER PALACIOS BERNAB\u00c9<\/strong> est\u00e1 tratando datos personales que le conciernan.<\/li>\n<li><u>Derecho de rectificaci\u00f3n<\/u>: Usted tiene derecho a acceder a sus datos personales de los que disponemos y solicitar su rectificaci\u00f3n cuando estos sean inexactos.<\/li>\n<li><u>Derecho de supresi\u00f3n<\/u>: cuando los datos recabados ya no sean necesarios para la finalidad para los fines que fueron recabados.<\/li>\n<li><u>Derecho a la limitaci\u00f3n del tratamiento<\/u>: podr\u00e1 solicitar la limitaci\u00f3n del tratamiento de sus datos y solicitar que se conserven para el ejercicio o defensa de reclamaciones.<\/li>\n<li><u>Derecho de portabilidad<\/u>: tiene derecho a obtener los datos personales que les incumben en un formato estructurado de uso com\u00fan y lectura mec\u00e1nica y a transmitirlos a otro responsable.<\/li>\n<li><u>Derecho a retirar consentimiento<\/u>: el derecho a retirar cualquier consentimiento que usted nos haya dado previamente para manejar su informaci\u00f3n personal. Si retira su consentimiento, esto no afectar\u00e1 a la legalidad del uso que le dimos a su informaci\u00f3n personal antes de que retirar\u00e1 su consentimiento<\/li>\n<\/ul>\n<p>&nbsp;<\/p>\n<p><strong>\u00bfC\u00f3mo puede ejercer sus derechos?<\/strong><\/p>\n<p>&nbsp;<\/p>\n<p><strong>FERNANDO JAVIER PALACIOS BERNAB\u00c9<\/strong> se compromete a respetar la confidencialidad de sus datos personales y a garantizarle el ejercicio de sus derechos. Puede ejercitarlos sin coste alguno escribi\u00e9ndonos un correo electr\u00f3nico a nuestra direcci\u00f3n <strong>info@dcpaint.es<\/strong> simplemente indic\u00e1ndonos el motivo de su solicitud y el derecho que quiere ejercitar, inform\u00e1ndole que es imprescindible, seg\u00fan Ley, que aporte copia de DNI o NIE. Le informamos tambi\u00e9n que, siguiendo con nuestra pol\u00edtica de transparencia, todos los derechos se encuentran en la p\u00e1gina web a disposici\u00f3n de los clientes. Se le informa que tambi\u00e9n puede ejercer sus derechos presentando una declaraci\u00f3n ante la autoridad de control competente, cuando no haya obtenido satisfacci\u00f3n en el ejercicio de sus derechos.<\/p>\n<p>&nbsp;<\/p>\n<p><!-- \/divi:paragraph --><\/p>\n<p>[\/et_pb_text][\/et_pb_column][\/et_pb_row][\/et_pb_section]<\/p>\n","protected":false},"excerpt":{"rendered":"<p>&nbsp; POL\u00cdTICA DE PRIVACIDAD FERNANDO JAVIER PALACIOS BERNAB\u00c9, se compromete a proteger su privacidad. Esta Pol\u00edtica de Privacidad explica c\u00f3mo recopilamos y utilizamos sus datos personales y qu\u00e9 derechos y opciones tiene al respecto. Consulte tambi\u00e9n nuestra Pol\u00edtica de cookies que explica el uso de cookies y otros dispositivos de seguimiento de la web a [&hellip;]<\/p>\n","protected":false},"author":1,"featured_media":0,"parent":0,"menu_order":0,"comment_status":"closed","ping_status":"closed","template":"","meta":{"_et_pb_use_builder":"on","_et_pb_old_content":"<!-- wp:heading --><h2>Who we are<\/h2><!-- \/wp:heading --><!-- wp:paragraph --><p><strong class=\"privacy-policy-tutorial\">Suggested text: <\/strong>Our website address is: http:\/\/dcpaint.es.<\/p><!-- \/wp:paragraph --><!-- wp:heading --><h2>Comments<\/h2><!-- \/wp:heading --><!-- wp:paragraph --><p><strong class=\"privacy-policy-tutorial\">Suggested text: <\/strong>When visitors leave comments on the site we collect the data shown in the comments form, and also the visitor&#8217;s IP address and browser user agent string to help spam detection.<\/p><!-- \/wp:paragraph --><!-- wp:paragraph --><p>An anonymized string created from your email address (also called a hash) may be provided to the Gravatar service to see if you are using it. The Gravatar service privacy policy is available here: https:\/\/automattic.com\/privacy\/. After approval of your comment, your profile picture is visible to the public in the context of your comment.<\/p><!-- \/wp:paragraph --><!-- wp:heading --><h2>Media<\/h2><!-- \/wp:heading --><!-- wp:paragraph --><p><strong class=\"privacy-policy-tutorial\">Suggested text: <\/strong>If you upload images to the website, you should avoid uploading images with embedded location data (EXIF GPS) included. Visitors to the website can download and extract any location data from images on the website.<\/p><!-- \/wp:paragraph --><!-- wp:heading --><h2>Cookies<\/h2><!-- \/wp:heading --><!-- wp:paragraph --><p><strong class=\"privacy-policy-tutorial\">Suggested text: <\/strong>If you leave a comment on our site you may opt-in to saving your name, email address and website in cookies. These are for your convenience so that you do not have to fill in your details again when you leave another comment. These cookies will last for one year.<\/p><!-- \/wp:paragraph --><!-- wp:paragraph --><p>If you visit our login page, we will set a temporary cookie to determine if your browser accepts cookies. This cookie contains no personal data and is discarded when you close your browser.<\/p><!-- \/wp:paragraph --><!-- wp:paragraph --><p>When you log in, we will also set up several cookies to save your login information and your screen display choices. Login cookies last for two days, and screen options cookies last for a year. If you select &quot;Remember Me&quot;, your login will persist for two weeks. If you log out of your account, the login cookies will be removed.<\/p><!-- \/wp:paragraph --><!-- wp:paragraph --><p>If you edit or publish an article, an additional cookie will be saved in your browser. This cookie includes no personal data and simply indicates the post ID of the article you just edited. It expires after 1 day.<\/p><!-- \/wp:paragraph --><!-- wp:heading --><h2>Embedded content from other websites<\/h2><!-- \/wp:heading --><!-- wp:paragraph --><p><strong class=\"privacy-policy-tutorial\">Suggested text: <\/strong>Articles on this site may include embedded content (e.g. videos, images, articles, etc.). Embedded content from other websites behaves in the exact same way as if the visitor has visited the other website.<\/p><!-- \/wp:paragraph --><!-- wp:paragraph --><p>These websites may collect data about you, use cookies, embed additional third-party tracking, and monitor your interaction with that embedded content, including tracking your interaction with the embedded content if you have an account and are logged in to that website.<\/p><!-- \/wp:paragraph --><!-- wp:heading --><h2>Who we share your data with<\/h2><!-- \/wp:heading --><!-- wp:paragraph --><p><strong class=\"privacy-policy-tutorial\">Suggested text: <\/strong>If you request a password reset, your IP address will be included in the reset email.<\/p><!-- \/wp:paragraph --><!-- wp:heading --><h2>How long we retain your data<\/h2><!-- \/wp:heading --><!-- wp:paragraph --><p><strong class=\"privacy-policy-tutorial\">Suggested text: <\/strong>If you leave a comment, the comment and its metadata are retained indefinitely. This is so we can recognize and approve any follow-up comments automatically instead of holding them in a moderation queue.<\/p><!-- \/wp:paragraph --><!-- wp:paragraph --><p>For users that register on our website (if any), we also store the personal information they provide in their user profile. All users can see, edit, or delete their personal information at any time (except they cannot change their username). Website administrators can also see and edit that information.<\/p><!-- \/wp:paragraph --><!-- wp:heading --><h2>What rights you have over your data<\/h2><!-- \/wp:heading --><!-- wp:paragraph --><p><strong class=\"privacy-policy-tutorial\">Suggested text: <\/strong>If you have an account on this site, or have left comments, you can request to receive an exported file of the personal data we hold about you, including any data you have provided to us. You can also request that we erase any personal data we hold about you. This does not include any data we are obliged to keep for administrative, legal, or security purposes.<\/p><!-- \/wp:paragraph --><!-- wp:heading --><h2>Where your data is sent<\/h2><!-- \/wp:heading --><!-- wp:paragraph --><p><strong class=\"privacy-policy-tutorial\">Suggested text: <\/strong>Visitor comments may be checked through an automated spam detection service.<\/p><!-- \/wp:paragraph -->","_et_gb_content_width":"","_joinchat":[],"footnotes":""},"class_list":["post-3","page","type-page","status-publish","hentry"],"_links":{"self":[{"href":"https:\/\/dcpaint.es\/index.php\/wp-json\/wp\/v2\/pages\/3","targetHints":{"allow":["GET"]}}],"collection":[{"href":"https:\/\/dcpaint.es\/index.php\/wp-json\/wp\/v2\/pages"}],"about":[{"href":"https:\/\/dcpaint.es\/index.php\/wp-json\/wp\/v2\/types\/page"}],"author":[{"embeddable":true,"href":"https:\/\/dcpaint.es\/index.php\/wp-json\/wp\/v2\/users\/1"}],"replies":[{"embeddable":true,"href":"https:\/\/dcpaint.es\/index.php\/wp-json\/wp\/v2\/comments?post=3"}],"version-history":[{"count":3,"href":"https:\/\/dcpaint.es\/index.php\/wp-json\/wp\/v2\/pages\/3\/revisions"}],"predecessor-version":[{"id":168,"href":"https:\/\/dcpaint.es\/index.php\/wp-json\/wp\/v2\/pages\/3\/revisions\/168"}],"wp:attachment":[{"href":"https:\/\/dcpaint.es\/index.php\/wp-json\/wp\/v2\/media?parent=3"}],"curies":[{"name":"wp","href":"https:\/\/api.w.org\/{rel}","templated":true}]}}